{"id":5809,"date":"2024-01-08T10:26:04","date_gmt":"2024-01-08T09:26:04","guid":{"rendered":"https:\/\/panwosk.pl\/?post_type=product&#038;p=5809"},"modified":"2024-08-28T16:04:56","modified_gmt":"2024-08-28T14:04:56","slug":"swieca-zapachowa-elipsa-woodwick-melon-and-pink-quarzt","status":"publish","type":"product","link":"https:\/\/panwosk.streamweb.pl\/en\/produkt\/swieca-zapachowa-elipsa-woodwick-melon-and-pink-quarzt\/","title":{"rendered":"\u015aWIECA ZAPACHOWA ELIPSA WOODWICK MELON AND PINK QUARZT"},"content":{"rendered":"<p><strong>Melon and Pink Quarzt<\/strong><\/p>\n<p>Odtw\u00f3rz ciep\u0142\u0105 i relaksuj\u0105c\u0105 atmosfer\u0119 pal\u0105cego si\u0119 kominka gdziekolwiek zechcesz, dzi\u0119ki \u015bwiecy Elipsa WoodWick z technologi\u0105 HearthWick. Nasycone zapachy, rad\u015bnie ta\u0144cz\u0105cy p\u0142omie\u0144 i koj\u0105cy d\u017awi\u0119k skwiercz\u0105cego drewna &#8211; jak ich nie kocha\u0107?<\/p>\n<div id=\"opisproduktu\">\n<p class=\"quickdesc\"><span style=\"color: #000000\"><strong>Opis zapachu:<\/strong><\/span><\/p>\n<p class=\"quickdesc\">Sk\u0105pane w s\u0142o\u0144cu po\u0142\u0105czenie aromatu melona, og\u00f3rka i krystalicznego r\u00f3\u017cowego kwarcu z dodatkiem li\u015bci fio\u0142ka i kwiatu cytryny.<\/p>\n<\/div>\n<p style=\"text-align: left\"><span style=\"color: #000000\"><strong>Nuty zapachowe:<\/strong><\/span><\/p>\n<p><span style=\"color: #000000\">Nuty g\u00f3rne: baobab, czerwone owoce, moringa<\/span><\/p>\n<p><span style=\"color: #000000\">Nuty \u015brodkowe: melon, li\u015b\u0107 fio\u0142ka, li\u015b\u0107 cytryny<\/span><\/p>\n<p><span style=\"color: #000000\">Nuty dolne: pi\u017cmo, r\u00f3\u017cowy kwarc<\/span><\/p>\n<p style=\"text-align: left\"><span style=\"color: #000000\"><strong>Parametry:<\/strong><\/span><\/p>\n<p style=\"text-align: left\"><span style=\"color: #000000\"><span style=\"font-size: 16px\">Waga: 1,35<\/span><span class=\"opiscechy\" style=\"font-size: 16px\">\u00a0kg<\/span><\/span><\/p>\n<p style=\"text-align: left\"><span style=\"color: #000000\"><span style=\"font-size: 16px\">Czas palenia: 30 &#8211; 40<\/span><span class=\"opiscechy\" style=\"font-size: 16px\">\u00a0h<\/span><\/span><\/p>\n<p style=\"text-align: left\"><span style=\"color: #000000\"><span style=\"font-size: 16px\">Wysoko\u015b\u0107: 9<\/span><span class=\"opiscechy\" style=\"font-size: 16px\">\u00a0cm<\/span><\/span><\/p>\n<p style=\"text-align: left\"><span style=\"color: #000000\"><span style=\"font-size: 16px\">Szeroko\u015b\u0107: 12<\/span><span class=\"opiscechy\" style=\"font-size: 16px\">\u00a0cm<\/span><\/span><\/p>\n<p style=\"text-align: left\"><span style=\"color: #000000;font-size: 16px\">Zapachy: MELON &amp; PINK QUARTZ<\/span><\/p>\n<p>Grupy zapachowe: FRUITY<\/p>\n<p style=\"text-align: left\"><span style=\"color: #000000\"><span style=\"font-size: 16px\">Typ knot\u00f3w: <\/span><span class=\"opiscechy\" style=\"font-size: 16px\">DREWNIANY<\/span><\/span><\/p>\n<p style=\"text-align: left\"><span style=\"color: #000000\"><span style=\"font-size: 16px\">Ilo\u015b\u0107 knot\u00f3w: <\/span><span class=\"opiscechy\" style=\"font-size: 16px\">1 knot<\/span><\/span><\/p>\n<p style=\"text-align: left\"><span style=\"color: #000000;font-size: 16px\">Gramatura: 453,6 g<\/span><\/p>\n<p style=\"text-align: left\"><span style=\"color: #000000;font-size: 16px\">EAN:5038581113364<\/span><\/p>\n<p style=\"text-align: left\"><span style=\"color: #000000;font-size: 16px\">Kod produktu:1681466E<\/span><\/p>\n<p style=\"text-align: left\"><span style=\"color: #000000\"><strong>Producent: WoodWick<\/strong><\/span><\/p>\n<p><img fetchpriority=\"high\" decoding=\"async\" class=\"alignnone size-medium wp-image-5810\" src=\"https:\/\/panwosk.pl\/wp-content\/uploads\/2024\/01\/WoodWick-Melon-and-Pink-Quarzt-swieca-elipsa-300x300.jpg\" alt=\"WoodWick Melon and Pink Quarzt\" width=\"300\" height=\"300\" srcset=\"https:\/\/panwosk.streamweb.pl\/wp-content\/uploads\/2024\/01\/WoodWick-Melon-and-Pink-Quarzt-swieca-elipsa-300x300.jpg 300w, https:\/\/panwosk.streamweb.pl\/wp-content\/uploads\/2024\/01\/WoodWick-Melon-and-Pink-Quarzt-swieca-elipsa-150x150.jpg 150w, https:\/\/panwosk.streamweb.pl\/wp-content\/uploads\/2024\/01\/WoodWick-Melon-and-Pink-Quarzt-swieca-elipsa-500x500.jpg 500w, https:\/\/panwosk.streamweb.pl\/wp-content\/uploads\/2024\/01\/WoodWick-Melon-and-Pink-Quarzt-swieca-elipsa-130x130.jpg 130w, https:\/\/panwosk.streamweb.pl\/wp-content\/uploads\/2024\/01\/WoodWick-Melon-and-Pink-Quarzt-swieca-elipsa.jpg 600w\" sizes=\"(max-width: 300px) 100vw, 300px\" \/><\/p>\n<p><span style=\"color: #000000\"><strong>Jak dobrze wypala\u0107 \u015bwiec\u0119.<br \/>\n<\/strong>Aby \u015bwieca dobrze si\u0119 wypala\u0142a i osi\u0105gn\u0119\u0142a maksymalny czas uwalniania zapachu nale\u017cy zastosowa\u0107 si\u0119 do kilku prostych rad: Przed zapaleniem \u015bwiecy ka\u017cdorazowo nale\u017cy przyci\u0105\u0107 knot do d\u0142ugo\u015bci ok. 3 mm. Dzi\u0119ki przyci\u0119ciu knota p\u0142omie\u0144 b\u0119dzie stabilny i r\u00f3wnomierny a \u015bwieca nie b\u0119dzie kopci\u0107.<\/span><br \/>\n<span style=\"color: #000000\">Najwa\u017cniejsze jest pierwsze palenie \u015bwiecy. \u015awieca powinna jednorazowo pali\u0107 si\u0119 tak d\u0142ugo aby wosk roztopi\u0142 si\u0119 do brzegu szk\u0142a czyli min. 3-4 godziny. W ten spos\u00f3b roztopiony wosk pokryje ca\u0142\u0105 g\u00f3rn\u0105 powierzchnie \u015bwiecy i zapobiegnie \u201etunelowaniu\u201d.<\/span><br \/>\n<span style=\"color: #000000\">Warto pami\u0119ta\u0107 o tym aby powierzchnia wosku by\u0142a wolna od resztek spalonego knota, zapa\u0142ek lub innych zanieczyszcze\u0144.<\/span><br \/>\n<span style=\"color: #000000\">Podczas palenia \u015bwiecy postaw j\u0105 na odpornym na ciep\u0142o pod\u0142o\u017cu i pami\u0119taj, aby nigdy nie u\u017cywa\u0107 \u015bwiecy kt\u00f3ra jest uszkodzona lub p\u0119kni\u0119ta.<\/span><\/p>\n<p><span style=\"color: #000000\"><strong>PRZYTNIJ KNOT<\/strong><\/span><br \/>\n<span style=\"color: #000000\">Korzystaj z no\u017cyczek do \u015bwiecy, aby utrzyma\u0107 knot w czysto\u015bci. Pami\u0119taj, aby przed ka\u017cdym paleniem przyci\u0105\u0107 knot do wysoko\u015bci 3mm.<\/span><\/p>\n<p><span style=\"color: #000000\"><strong>U\u017bYWAJ NAK\u0141ADKI ILLUMA-LID<\/strong><\/span><br \/>\n<span style=\"color: #000000\">Nak\u0142adka to najlepszy przyjaciel \u015bwiecy! Wygl\u0105da pi\u0119knie i pomaga stabilizowa\u0107 p\u0142omie\u0144 podczas wypalania. Wybierz sw\u00f3j ulubiony wz\u00f3r i u\u017cywaj ze \u015bredni\u0105 lub du\u017c\u0105 \u015bwiec\u0105.<\/span><\/p>\n<p><span style=\"color: #000000\"><strong>PO SAME BRZEGI<\/strong><\/span><br \/>\n<span style=\"color: #000000\">Najwa\u017cniejsze jest pierwsze palenie \u015bwiecy! \u015awieca powinna jednorazowo pali\u0107 si\u0119 tak d\u0142ugo, a\u017c g\u00f3rna warstwa wosku roztopi si\u0119 i dotrze do brzeg\u00f3w szk\u0142a, czyli ok. 4 godziny. Dzi\u0119ki temu unikniemy tunelowania \u015bwiecy<\/span><\/p>\n<p><span style=\"color: #000000\"><strong>CHRO\u0143 POWIERZCHNI\u0118<\/strong><\/span><br \/>\n<span style=\"color: #000000\">Postaw \u015bwiec\u0119 na podstawku lub skorzystaj z naszych ozdobnych zestaw\u00f3w, aby zapobiec uszkodzeniom powierzchni przez ciep\u0142o i utrzyma\u0107 r\u00f3wnomierne wypalanie \u015bwiecy.<\/span><\/p>\n<p><span style=\"color: #000000\"><strong>U\u017bYWAJ ZAGASZACZA<\/strong><\/span><br \/>\n<span style=\"color: #000000\">Delikatnie zga\u015b p\u0142omie\u0144 \u015bwiecy zagaszaczem, aby zapobiec kopceniu.<\/span><\/p>\n<p><span style=\"color: #000000\"><strong>CZAS SI\u0118 PO\u017bEGNA\u0106<\/strong><\/span><br \/>\n<span style=\"color: #000000\">Nikt nie lubi, gdy jego ukochany zapach si\u0119 ko\u0144czy, jednak ze wzgl\u0119d\u00f3w bezpiecze\u0144stwa, gdy na spodzie \u015bwiecy zostanie ju\u017c tylko 1 cm wosku, nale\u017cy zako\u0144czy\u0107 palenie i odpali\u0107 kolejn\u0105 ulubion\u0105 \u015bwiec\u0119.<\/span><\/p>\n<p><span style=\"color: #000000\"><strong>Co je\u015bli \u015bwieca dymi?<br \/>\n<\/strong>Je\u015bli knot \u015bwiecy zaczyna kopci\u0107 to znaczy \u017ce jest on zbyt d\u0142ugi lub \u017ale przyci\u0119ty. Nale\u017cy zgasi\u0107 p\u0142omie\u0144 zagaszaczem i nast\u0119pnie przyci\u0105\u0107 ponownie knot. Sprawd\u017a jak poprawnie przyci\u0105\u0107 knot.<\/span><br \/>\n<span style=\"color: #000000\">Drugim z powod\u00f3w kopcenia \u015bwiecy mo\u017ce by\u0107 to, i\u017c \u015bwieca stoi na przeci\u0105gu lub w pomieszczeniu o du\u017cym nat\u0119\u017ceniu ruchu. Nale\u017cy wtedy przestawi\u0107 \u015bwiec\u0119 w inne miejsce lub skorzysta\u0107 z kloszy lub nak\u0142adek Illuma-lid zaprojektowanych w tym celu, aby stabilizowa\u0107 p\u0142omie\u0144 \u015bwiecy.<\/span><\/p>\n<p><span style=\"color: #000000\"><strong>Co je\u015bli \u015bwieca wypala si\u0119 \u201etunelowo\u201d<\/strong><\/span><br \/>\n<span style=\"color: #000000\">Wypalanie tunelowe to nieprawid\u0142owe wytapianie si\u0119 wosku. Wosk nie rozpuszcza si\u0119 po brzegi \u015bwiecy, tylko ku do\u0142owi a\u017c do dna. Je\u015bli \u015bwieca wypala si\u0119 tunelowo to znaczy, \u017ce czas jednorazowego palenia by\u0142 zbyt kr\u00f3tki i wosk na powierzchni nie mia\u0142 szansy stopnie\u0107 a\u017c po brzegi \u015bwiecy. Warto wi\u0119c pami\u0119ta\u0107 o tym, aby jednorazowo \u015bwiec\u0119 pali\u0107 ok 3-4 godziny tak, aby p\u0142ynny wosk pokry\u0142 ca\u0142\u0105 powierzchni\u0119 \u015bwiecy. Je\u015bli jednak nasza \u015bwieca zacz\u0119\u0142a wypala\u0107 si\u0119 tunelowo z pomoc\u0105 przyjd\u0105 akcesoria Yankee Candle \u2013 klosze i nak\u0142adki Illuma-lid, kt\u00f3re pozwol\u0105 na stabilizacj\u0119 p\u0142omienia i zwi\u0119kszenie temperatury wok\u00f3\u0142 niego.<\/span><\/p>\n","protected":false},"excerpt":{"rendered":"<p><strong>\u015awieca elipsa<\/strong><\/p>\n<p><strong>Producent: WoodWick<\/strong><\/p>\n","protected":false},"featured_media":5810,"comment_status":"open","ping_status":"closed","template":"","meta":[],"product_brand":[35],"product_cat":[1085],"product_tag":[],"class_list":{"0":"post-5809","1":"product","2":"type-product","3":"status-publish","4":"has-post-thumbnail","6":"product_brand-woodwick","7":"product_cat-swieca-elipsa","9":"first","10":"instock","11":"taxable","12":"shipping-taxable","13":"purchasable","14":"product-type-simple"},"_links":{"self":[{"href":"https:\/\/panwosk.streamweb.pl\/en\/wp-json\/wp\/v2\/product\/5809","targetHints":{"allow":["GET"]}}],"collection":[{"href":"https:\/\/panwosk.streamweb.pl\/en\/wp-json\/wp\/v2\/product"}],"about":[{"href":"https:\/\/panwosk.streamweb.pl\/en\/wp-json\/wp\/v2\/types\/product"}],"replies":[{"embeddable":true,"href":"https:\/\/panwosk.streamweb.pl\/en\/wp-json\/wp\/v2\/comments?post=5809"}],"version-history":[{"count":5,"href":"https:\/\/panwosk.streamweb.pl\/en\/wp-json\/wp\/v2\/product\/5809\/revisions"}],"predecessor-version":[{"id":6635,"href":"https:\/\/panwosk.streamweb.pl\/en\/wp-json\/wp\/v2\/product\/5809\/revisions\/6635"}],"wp:featuredmedia":[{"embeddable":true,"href":"https:\/\/panwosk.streamweb.pl\/en\/wp-json\/wp\/v2\/media\/5810"}],"wp:attachment":[{"href":"https:\/\/panwosk.streamweb.pl\/en\/wp-json\/wp\/v2\/media?parent=5809"}],"wp:term":[{"taxonomy":"product_brand","embeddable":true,"href":"https:\/\/panwosk.streamweb.pl\/en\/wp-json\/wp\/v2\/product_brand?post=5809"},{"taxonomy":"product_cat","embeddable":true,"href":"https:\/\/panwosk.streamweb.pl\/en\/wp-json\/wp\/v2\/product_cat?post=5809"},{"taxonomy":"product_tag","embeddable":true,"href":"https:\/\/panwosk.streamweb.pl\/en\/wp-json\/wp\/v2\/product_tag?post=5809"}],"curies":[{"name":"wp","href":"https:\/\/api.w.org\/{rel}","templated":true}]}}