{"id":5749,"date":"2024-01-05T14:44:59","date_gmt":"2024-01-05T13:44:59","guid":{"rendered":"https:\/\/panwosk.pl\/?post_type=product&#038;p=5749"},"modified":"2024-07-11T16:08:29","modified_gmt":"2024-07-11T14:08:29","slug":"swieca-zapachowa-yankee-candle-duza-coconut-beach","status":"publish","type":"product","link":"https:\/\/panwosk.streamweb.pl\/en\/produkt\/swieca-zapachowa-yankee-candle-duza-coconut-beach\/","title":{"rendered":"\u015aWIECA ZAPACHOWA YANKEE CANDLE DU\u017bA COCONUT BEACH"},"content":{"rendered":"<p><strong>coconut Beach<\/strong><\/p>\n<p>Nowe \u015bwiece Signature od Yankee Candle\u00ae! Nowa smuk\u0142a forma \u015bwiecy, dwa bawe\u0142niane knoty i najwy\u017cszej jako\u015bci mieszanka wosku sojowego zapewniaj\u0105 r\u00f3wnomierne spalanie i otul\u0105 Twoje wn\u0119trze zapachem. R\u0119cznie ilustrowane etykiety i \u017cywe kolory wosku idealnie oddaj\u0105 zapach danej \u015bwiecy. Pokrywka \u015bwiecy mo\u017ce s\u0142u\u017cy\u0107 r\u00f3wnie\u017c jako podstawka. Odkryj kolekcj\u0119 Signature ju\u017c dzi\u015b\u2026<\/p>\n<div id=\"opisproduktu\"><strong style=\"font-size: 16px\">Opis zapachu:<\/strong><\/div>\n<div id=\"opisproduktu\">\n<p class=\"quickdesc\">Smak tropik\u00f3w \u2013 ciep\u0142e nuty kokosa po\u0142\u0105czone z zapachem dojrza\u0142ego ananasa i s\u0142odkiej wanilii.<\/p>\n<\/div>\n<p style=\"text-align: left\"><strong>Nuty zapachowe:<\/strong><\/p>\n<p style=\"text-align: left\"><span style=\"color: #000000\">Nuty g\u00f3rne: S\u0142one powietrze, Ananas<\/span><\/p>\n<p style=\"text-align: left\"><span style=\"color: #000000\">Nuty \u015brodkowe: Kokos, Plumeria<\/span><\/p>\n<p style=\"text-align: left\"><span style=\"color: #000000\">Nuty dolne: Pi\u017cmo, Wanilia<\/span><\/p>\n<p style=\"text-align: left\"><strong>Parametry:<\/strong><\/p>\n<p style=\"text-align: left\"><span style=\"color: #000000;font-size: 16px\">Waga: 1,02<\/span><span class=\"opiscechy\" style=\"color: #000000;font-size: 16px\">kg<\/span><\/p>\n<p style=\"text-align: left\"><span style=\"color: #000000;font-size: 16px\">Czas palenia: 90-100<\/span><span class=\"opiscechy\" style=\"color: #000000;font-size: 16px\">\u00a0h<\/span><\/p>\n<p style=\"text-align: left\"><span style=\"color: #000000;font-size: 16px\">Wysoko\u015b\u0107: 15 <\/span><span class=\"opiscechy\" style=\"color: #000000;font-size: 16px\">cm<\/span><\/p>\n<p style=\"text-align: left\"><span style=\"color: #000000;font-size: 16px\">Szeroko\u015b\u0107: 10<\/span><span class=\"opiscechy\" style=\"color: #000000;font-size: 16px\">\u00a0cm<\/span><\/p>\n<p style=\"text-align: left\"><span style=\"color: #000000;font-size: 16px\">Zapachy: COCONUT BEACH<\/span><\/p>\n<p style=\"text-align: left\"><span style=\"color: #000000;font-size: 16px\">Grupy zapachowe: FRUITY<\/span><\/p>\n<p style=\"text-align: left\"><span style=\"color: #000000;font-size: 16px\">Typ knot\u00f3w: <\/span><span class=\"opiscechy\" style=\"color: #000000;font-size: 16px\">Bawe\u0142niany<\/span><\/p>\n<p style=\"text-align: left\"><span style=\"color: #000000;font-size: 16px\">Ilo\u015b\u0107 knot\u00f3w: 2<\/span><span class=\"opiscechy\" style=\"color: #000000;font-size: 16px\">\u00a0knot<\/span><\/p>\n<p style=\"text-align: left\"><span style=\"color: #000000;font-size: 16px\">Gramatura: 567<\/span><span class=\"opiscechy\" style=\"color: #000000;font-size: 16px\">\u00a0g<\/span><\/p>\n<p style=\"text-align: left\"><span style=\"color: #000000;font-size: 16px\">EAN:5038581143071<\/span><\/p>\n<p style=\"text-align: left\"><span style=\"color: #000000;font-size: 16px\">Kod produktu: 1630035E<\/span><\/p>\n<p style=\"text-align: left\"><strong style=\"font-size: 16px\">Producent: Yankee Candle<\/strong><\/p>\n<p style=\"text-align: left\"><strong>Autoryzowany sklep &#8211; Yankee Candle.<\/strong><\/p>\n<p><img fetchpriority=\"high\" decoding=\"async\" class=\"alignnone size-medium wp-image-5750\" src=\"https:\/\/panwosk.pl\/wp-content\/uploads\/2024\/01\/COCONUT-BEACH-300x300.webp\" alt=\"\" width=\"300\" height=\"300\" srcset=\"https:\/\/panwosk.streamweb.pl\/wp-content\/uploads\/2024\/01\/COCONUT-BEACH-300x300.webp 300w, https:\/\/panwosk.streamweb.pl\/wp-content\/uploads\/2024\/01\/COCONUT-BEACH-150x150.webp 150w, https:\/\/panwosk.streamweb.pl\/wp-content\/uploads\/2024\/01\/COCONUT-BEACH-500x500.webp 500w, https:\/\/panwosk.streamweb.pl\/wp-content\/uploads\/2024\/01\/COCONUT-BEACH-130x130.webp 130w, https:\/\/panwosk.streamweb.pl\/wp-content\/uploads\/2024\/01\/COCONUT-BEACH.webp 600w\" sizes=\"(max-width: 300px) 100vw, 300px\" \/><\/p>\n<p><strong>Jak dobrze wypala\u0107 \u015bwiec\u0119.<br \/>\n<\/strong>Aby \u015bwieca dobrze si\u0119 wypala\u0142a i osi\u0105gn\u0119\u0142a maksymalny czas uwalniania zapachu nale\u017cy zastosowa\u0107 si\u0119 do kilku prostych rad: Przed zapaleniem \u015bwiecy ka\u017cdorazowo nale\u017cy przyci\u0105\u0107 knot do d\u0142ugo\u015bci ok. 3 mm. Dzi\u0119ki przyci\u0119ciu knota p\u0142omie\u0144 b\u0119dzie stabilny i r\u00f3wnomierny a \u015bwieca nie b\u0119dzie kopci\u0107.<br \/>\nNajwa\u017cniejsze jest pierwsze palenie \u015bwiecy. \u015awieca powinna jednorazowo pali\u0107 si\u0119 tak d\u0142ugo aby wosk roztopi\u0142 si\u0119 do brzegu szk\u0142a czyli min. 3-4 godziny. W ten spos\u00f3b roztopiony wosk pokryje ca\u0142\u0105 g\u00f3rn\u0105 powierzchnie \u015bwiecy i zapobiegnie \u201etunelowaniu\u201d.<br \/>\nWarto pami\u0119ta\u0107 o tym aby powierzchnia wosku by\u0142a wolna od resztek spalonego knota, zapa\u0142ek lub innych zanieczyszcze\u0144.<br \/>\nPodczas palenia \u015bwiecy postaw j\u0105 na odpornym na ciep\u0142o pod\u0142o\u017cu i pami\u0119taj, aby nigdy nie u\u017cywa\u0107 \u015bwiecy kt\u00f3ra jest uszkodzona lub p\u0119kni\u0119ta.<\/p>\n<p><strong>PRZYTNIJ KNOT<\/strong><br \/>\nKorzystaj z no\u017cyczek do \u015bwiecy, aby utrzyma\u0107 knot w czysto\u015bci. Pami\u0119taj, aby przed ka\u017cdym paleniem przyci\u0105\u0107 knot do wysoko\u015bci 3mm.<\/p>\n<p><strong>U\u017bYWAJ NAK\u0141ADKI ILLUMA-LID<\/strong><br \/>\nNak\u0142adka to najlepszy przyjaciel \u015bwiecy! Wygl\u0105da pi\u0119knie i pomaga stabilizowa\u0107 p\u0142omie\u0144 podczas wypalania. Wybierz sw\u00f3j ulubiony wz\u00f3r i u\u017cywaj ze \u015bredni\u0105 lub du\u017c\u0105 \u015bwiec\u0105.<\/p>\n<p><strong>PO SAME BRZEGI<\/strong><br \/>\nNajwa\u017cniejsze jest pierwsze palenie \u015bwiecy! \u015awieca powinna jednorazowo pali\u0107 si\u0119 tak d\u0142ugo, a\u017c g\u00f3rna warstwa wosku roztopi si\u0119 i dotrze do brzeg\u00f3w szk\u0142a, czyli ok. 4 godziny. Dzi\u0119ki temu unikniemy tunelowania \u015bwiecy<\/p>\n<p><strong>CHRO\u0143 POWIERZCHNI\u0118<\/strong><br \/>\nPostaw \u015bwiec\u0119 na podstawku lub skorzystaj z naszych ozdobnych zestaw\u00f3w, aby zapobiec uszkodzeniom powierzchni przez ciep\u0142o i utrzyma\u0107 r\u00f3wnomierne wypalanie \u015bwiecy.<\/p>\n<p><strong>U\u017bYWAJ ZAGASZACZA<\/strong><br \/>\nDelikatnie zga\u015b p\u0142omie\u0144 \u015bwiecy zagaszaczem, aby zapobiec kopceniu.<\/p>\n<p><strong>CZAS SI\u0118 PO\u017bEGNA\u0106<\/strong><br \/>\nNikt nie lubi, gdy jego ukochany zapach si\u0119 ko\u0144czy, jednak ze wzgl\u0119d\u00f3w bezpiecze\u0144stwa, gdy na spodzie \u015bwiecy zostanie ju\u017c tylko 1 cm wosku, nale\u017cy zako\u0144czy\u0107 palenie i odpali\u0107 kolejn\u0105 ulubion\u0105 \u015bwiec\u0119.<\/p>\n<p><strong>Co je\u015bli \u015bwieca dymi?<br \/>\n<\/strong>Je\u015bli knot \u015bwiecy zaczyna kopci\u0107 to znaczy \u017ce jest on zbyt d\u0142ugi lub \u017ale przyci\u0119ty. Nale\u017cy zgasi\u0107 p\u0142omie\u0144 zagaszaczem i nast\u0119pnie przyci\u0105\u0107 ponownie knot. Sprawd\u017a jak poprawnie przyci\u0105\u0107 knot.<br \/>\nDrugim z powod\u00f3w kopcenia \u015bwiecy mo\u017ce by\u0107 to, i\u017c \u015bwieca stoi na przeci\u0105gu lub w pomieszczeniu o du\u017cym nat\u0119\u017ceniu ruchu. Nale\u017cy wtedy przestawi\u0107 \u015bwiec\u0119 w inne miejsce lub skorzysta\u0107 z kloszy lub nak\u0142adek Illuma-lid zaprojektowanych w tym celu, aby stabilizowa\u0107 p\u0142omie\u0144 \u015bwiecy.<\/p>\n<p><strong>Co je\u015bli \u015bwieca wypala si\u0119 \u201etunelowo\u201d<\/strong><br \/>\nWypalanie tunelowe to nieprawid\u0142owe wytapianie si\u0119 wosku. Wosk nie rozpuszcza si\u0119 po brzegi \u015bwiecy, tylko ku do\u0142owi a\u017c do dna. Je\u015bli \u015bwieca wypala si\u0119 tunelowo to znaczy, \u017ce czas jednorazowego palenia by\u0142 zbyt kr\u00f3tki i wosk na powierzchni nie mia\u0142 szansy stopnie\u0107 a\u017c po brzegi \u015bwiecy. Warto wi\u0119c pami\u0119ta\u0107 o tym, aby jednorazowo \u015bwiec\u0119 pali\u0107 ok 3-4 godziny tak, aby p\u0142ynny wosk pokry\u0142 ca\u0142\u0105 powierzchni\u0119 \u015bwiecy. Je\u015bli jednak nasza \u015bwieca zacz\u0119\u0142a wypala\u0107 si\u0119 tunelowo z pomoc\u0105 przyjd\u0105 akcesoria Yankee Candle \u2013 klosze i nak\u0142adki Illuma-lid, kt\u00f3re pozwol\u0105 na stabilizacj\u0119 p\u0142omienia i zwi\u0119kszenie temperatury wok\u00f3\u0142 niego.<\/p>\n","protected":false},"excerpt":{"rendered":"<p><strong>\u015awieca Tumbler<\/strong><\/p>\n<p><strong>Producent: Yankee Candle<\/strong><\/p>\n<p><strong>Autoryzowany sklep &#8211; Yankee Candle.<\/strong><\/p>\n","protected":false},"featured_media":5750,"comment_status":"open","ping_status":"closed","template":"","meta":[],"product_brand":[34],"product_cat":[2053],"product_tag":[],"class_list":{"0":"post-5749","1":"product","2":"type-product","3":"status-publish","4":"has-post-thumbnail","6":"product_brand-yankee-candle","7":"product_cat-swiece-tumbler-duze","9":"first","10":"instock","11":"taxable","12":"shipping-taxable","13":"purchasable","14":"product-type-simple"},"_links":{"self":[{"href":"https:\/\/panwosk.streamweb.pl\/en\/wp-json\/wp\/v2\/product\/5749","targetHints":{"allow":["GET"]}}],"collection":[{"href":"https:\/\/panwosk.streamweb.pl\/en\/wp-json\/wp\/v2\/product"}],"about":[{"href":"https:\/\/panwosk.streamweb.pl\/en\/wp-json\/wp\/v2\/types\/product"}],"replies":[{"embeddable":true,"href":"https:\/\/panwosk.streamweb.pl\/en\/wp-json\/wp\/v2\/comments?post=5749"}],"version-history":[{"count":4,"href":"https:\/\/panwosk.streamweb.pl\/en\/wp-json\/wp\/v2\/product\/5749\/revisions"}],"predecessor-version":[{"id":6450,"href":"https:\/\/panwosk.streamweb.pl\/en\/wp-json\/wp\/v2\/product\/5749\/revisions\/6450"}],"wp:featuredmedia":[{"embeddable":true,"href":"https:\/\/panwosk.streamweb.pl\/en\/wp-json\/wp\/v2\/media\/5750"}],"wp:attachment":[{"href":"https:\/\/panwosk.streamweb.pl\/en\/wp-json\/wp\/v2\/media?parent=5749"}],"wp:term":[{"taxonomy":"product_brand","embeddable":true,"href":"https:\/\/panwosk.streamweb.pl\/en\/wp-json\/wp\/v2\/product_brand?post=5749"},{"taxonomy":"product_cat","embeddable":true,"href":"https:\/\/panwosk.streamweb.pl\/en\/wp-json\/wp\/v2\/product_cat?post=5749"},{"taxonomy":"product_tag","embeddable":true,"href":"https:\/\/panwosk.streamweb.pl\/en\/wp-json\/wp\/v2\/product_tag?post=5749"}],"curies":[{"name":"wp","href":"https:\/\/api.w.org\/{rel}","templated":true}]}}