{"id":1799,"date":"2023-11-10T11:21:59","date_gmt":"2023-11-10T10:21:59","guid":{"rendered":"https:\/\/panwosk.pl\/?post_type=product&#038;p=1799"},"modified":"2024-12-01T14:31:34","modified_gmt":"2024-12-01T13:31:34","slug":"swieca-zapachowa-yankee-candle-srednia-the-last-paradise","status":"publish","type":"product","link":"https:\/\/panwosk.streamweb.pl\/en\/produkt\/swieca-zapachowa-yankee-candle-srednia-the-last-paradise\/","title":{"rendered":"\u015aWIECA ZAPACHOWA YANKEE CANDLE \u015aREDNIA THE LAST PARADISE"},"content":{"rendered":"<p><strong>The Last Paradise<\/strong><\/p>\n<p>\u015arednia pojemno\u015b\u0107 s\u0142oika doceniana za pi\u0119kne proporcje kszta\u0142tu. Naturalny wosk, w pe\u0142ni bawe\u0142niany knot oraz nasycone sk\u0142adniki zapachowe sk\u0142adaj\u0105 si\u0119 na najwy\u017csz\u0105 jako\u015b\u0107.<\/p>\n<div id=\"opisproduktu\">\n<p class=\"quickdesc\"><strong>Opis zapachu:<\/strong><\/p>\n<p class=\"quickdesc\">Odkryj d\u0142ugo poszukiwany raj z nutami rzadkich, egzotycznych owoc\u00f3w i kwiat\u00f3w lasu deszczowego.<\/p>\n<\/div>\n<p style=\"text-align: left\"><strong>Nuty zapachowe:<\/strong><\/p>\n<p style=\"text-align: left\"><span style=\"color: #000000\">Nuty g\u00f3rne: Zielone Li\u015bcie, Zielone Jab\u0142ko, Hibiskus<\/span><\/p>\n<p style=\"text-align: left\"><span style=\"color: #000000\">Nuty \u015brodkowe: \u00a0Kwiat Wo\u0144czy, Dzika Trawa, Orchidea, Mimoza, Plumeria<\/span><\/p>\n<p style=\"text-align: left\"><span style=\"color: #000000\">Nuty dolne: \u00a0Li\u015b\u0107 Fio\u0142ka, Pi\u017cmo, Mech<\/span><\/p>\n<p style=\"text-align: left\"><strong>Parametry:<\/strong><\/p>\n<p style=\"text-align: left\"><span style=\"color: #000000;font-size: 16px\">Waga: <\/span><span class=\"opiscechy\" style=\"color: #000000;font-size: 16px\"> 1,00 kg<\/span><\/p>\n<p style=\"text-align: left\"><span style=\"color: #000000;font-size: 16px\">Czas palenia: 65-75<\/span><span class=\"opiscechy\" style=\"color: #000000;font-size: 16px\">\u00a0h<\/span><\/p>\n<p style=\"text-align: left\"><span style=\"color: #000000;font-size: 16px\">Wysoko\u015b\u0107: <\/span><span class=\"opiscechy\" style=\"color: #000000;font-size: 16px\">13 cm<\/span><\/p>\n<p style=\"text-align: left\"><span style=\"color: #000000;font-size: 16px\">Szeroko\u015b\u0107: <\/span><span class=\"opiscechy\" style=\"color: #000000;font-size: 16px\">11 cm<\/span><\/p>\n<p style=\"text-align: left\"><span style=\"color: #000000;font-size: 16px\">Zapachy: THE LAST PARADISE<\/span><\/p>\n<p style=\"text-align: left\"><span style=\"color: #000000;font-size: 16px\">Grupy zapachowe: \u00a0<span class=\"opiscechy\">FLORAL<\/span><\/span><\/p>\n<p style=\"text-align: left\"><span style=\"color: #000000;font-size: 16px\">Typ knot\u00f3w: <\/span><span class=\"opiscechy\" style=\"color: #000000;font-size: 16px\">Bawe\u0142niany<\/span><\/p>\n<p style=\"text-align: left\"><span style=\"color: #000000;font-size: 16px\">Ilo\u015b\u0107 knot\u00f3w: <\/span><span class=\"opiscechy\" style=\"color: #000000;font-size: 16px\">1 knot<\/span><\/p>\n<p style=\"text-align: left\"><span style=\"color: #000000;font-size: 16px\">Gramatura: 411<\/span><span class=\"opiscechy\" style=\"color: #000000;font-size: 16px\">\u00a0g<\/span><\/p>\n<p style=\"text-align: left\"><span style=\"color: #000000;font-size: 16px\">EAN: 5038581111087<\/span><\/p>\n<p style=\"text-align: left\"><span style=\"color: #000000;font-size: 16px\">Kod produktu: 1630343E<\/span><\/p>\n<div class=\"products_more_desc_text\">\n<p><strong>Producent: Yankee Candle<\/strong><\/p>\n<\/div>\n<p style=\"text-align: left\"><strong>Autoryzowany sklep &#8211; Yankee Candle.<\/strong><\/p>\n<p><img fetchpriority=\"high\" decoding=\"async\" class=\"alignnone size-medium wp-image-1800\" src=\"https:\/\/panwosk.pl\/wp-content\/uploads\/2023\/11\/Yankee-Candle-The-Last-Paradise-swieca-srednia-300x300.jpg\" alt=\"Yankee Candle The Last Paradise\" width=\"300\" height=\"300\" srcset=\"https:\/\/panwosk.streamweb.pl\/wp-content\/uploads\/2023\/11\/Yankee-Candle-The-Last-Paradise-swieca-srednia-300x300.jpg 300w, https:\/\/panwosk.streamweb.pl\/wp-content\/uploads\/2023\/11\/Yankee-Candle-The-Last-Paradise-swieca-srednia-150x150.jpg 150w, https:\/\/panwosk.streamweb.pl\/wp-content\/uploads\/2023\/11\/Yankee-Candle-The-Last-Paradise-swieca-srednia-500x500.jpg 500w, https:\/\/panwosk.streamweb.pl\/wp-content\/uploads\/2023\/11\/Yankee-Candle-The-Last-Paradise-swieca-srednia-130x130.jpg 130w, https:\/\/panwosk.streamweb.pl\/wp-content\/uploads\/2023\/11\/Yankee-Candle-The-Last-Paradise-swieca-srednia.jpg 600w\" sizes=\"(max-width: 300px) 100vw, 300px\" \/><\/p>\n<p><strong>Jak dobrze wypala\u0107 \u015bwiec\u0119.<br \/>\n<\/strong>Aby \u015bwieca dobrze si\u0119 wypala\u0142a i osi\u0105gn\u0119\u0142a maksymalny czas uwalniania zapachu nale\u017cy zastosowa\u0107 si\u0119 do kilku prostych rad: Przed zapaleniem \u015bwiecy ka\u017cdorazowo nale\u017cy przyci\u0105\u0107 knot do d\u0142ugo\u015bci ok. 3 mm. Dzi\u0119ki przyci\u0119ciu knota p\u0142omie\u0144 b\u0119dzie stabilny i r\u00f3wnomierny a \u015bwieca nie b\u0119dzie kopci\u0107.<br \/>\nNajwa\u017cniejsze jest pierwsze palenie \u015bwiecy. \u015awieca powinna jednorazowo pali\u0107 si\u0119 tak d\u0142ugo aby wosk roztopi\u0142 si\u0119 do brzegu szk\u0142a czyli min. 3-4 godziny. W ten spos\u00f3b roztopiony wosk pokryje ca\u0142\u0105 g\u00f3rn\u0105 powierzchnie \u015bwiecy i zapobiegnie \u201etunelowaniu\u201d.<br \/>\nWarto pami\u0119ta\u0107 o tym aby powierzchnia wosku by\u0142a wolna od resztek spalonego knota, zapa\u0142ek lub innych zanieczyszcze\u0144.<br \/>\nPodczas palenia \u015bwiecy postaw j\u0105 na odpornym na ciep\u0142o pod\u0142o\u017cu i pami\u0119taj, aby nigdy nie u\u017cywa\u0107 \u015bwiecy kt\u00f3ra jest uszkodzona lub p\u0119kni\u0119ta.<\/p>\n<p><strong>PRZYTNIJ KNOT<\/strong><br \/>\nKorzystaj z no\u017cyczek do \u015bwiecy, aby utrzyma\u0107 knot w czysto\u015bci. Pami\u0119taj, aby przed ka\u017cdym paleniem przyci\u0105\u0107 knot do wysoko\u015bci 3mm.<\/p>\n<p><strong>U\u017bYWAJ NAK\u0141ADKI ILLUMA-LID<\/strong><br \/>\nNak\u0142adka to najlepszy przyjaciel \u015bwiecy! Wygl\u0105da pi\u0119knie i pomaga stabilizowa\u0107 p\u0142omie\u0144 podczas wypalania. Wybierz sw\u00f3j ulubiony wz\u00f3r i u\u017cywaj ze \u015bredni\u0105 lub du\u017c\u0105 \u015bwiec\u0105.<\/p>\n<p><strong>PO SAME BRZEGI<\/strong><br \/>\nNajwa\u017cniejsze jest pierwsze palenie \u015bwiecy! \u015awieca powinna jednorazowo pali\u0107 si\u0119 tak d\u0142ugo, a\u017c g\u00f3rna warstwa wosku roztopi si\u0119 i dotrze do brzeg\u00f3w szk\u0142a, czyli ok. 4 godziny. Dzi\u0119ki temu unikniemy tunelowania \u015bwiecy<\/p>\n<p><strong>CHRO\u0143 POWIERZCHNI\u0118<\/strong><br \/>\nPostaw \u015bwiec\u0119 na podstawku lub skorzystaj z naszych ozdobnych zestaw\u00f3w, aby zapobiec uszkodzeniom powierzchni przez ciep\u0142o i utrzyma\u0107 r\u00f3wnomierne wypalanie \u015bwiecy.<\/p>\n<p><strong>U\u017bYWAJ ZAGASZACZA<\/strong><br \/>\nDelikatnie zga\u015b p\u0142omie\u0144 \u015bwiecy zagaszaczem, aby zapobiec kopceniu.<\/p>\n<p><strong>CZAS SI\u0118 PO\u017bEGNA\u0106<\/strong><br \/>\nNikt nie lubi, gdy jego ukochany zapach si\u0119 ko\u0144czy, jednak ze wzgl\u0119d\u00f3w bezpiecze\u0144stwa, gdy na spodzie \u015bwiecy zostanie ju\u017c tylko 1 cm wosku, nale\u017cy zako\u0144czy\u0107 palenie i odpali\u0107 kolejn\u0105 ulubion\u0105 \u015bwiec\u0119.<\/p>\n<p><strong>Co je\u015bli \u015bwieca dymi?<br \/>\n<\/strong>Je\u015bli knot \u015bwiecy zaczyna kopci\u0107 to znaczy \u017ce jest on zbyt d\u0142ugi lub \u017ale przyci\u0119ty. Nale\u017cy zgasi\u0107 p\u0142omie\u0144 zagaszaczem i nast\u0119pnie przyci\u0105\u0107 ponownie knot. Sprawd\u017a jak poprawnie przyci\u0105\u0107 knot.<br \/>\nDrugim z powod\u00f3w kopcenia \u015bwiecy mo\u017ce by\u0107 to, i\u017c \u015bwieca stoi na przeci\u0105gu lub w pomieszczeniu o du\u017cym nat\u0119\u017ceniu ruchu. Nale\u017cy wtedy przestawi\u0107 \u015bwiec\u0119 w inne miejsce lub skorzysta\u0107 z kloszy lub nak\u0142adek Illuma-lid zaprojektowanych w tym celu, aby stabilizowa\u0107 p\u0142omie\u0144 \u015bwiecy.<\/p>\n<p><strong>Co je\u015bli \u015bwieca wypala si\u0119 \u201etunelowo\u201d<\/strong><br \/>\nWypalanie tunelowe to nieprawid\u0142owe wytapianie si\u0119 wosku. Wosk nie rozpuszcza si\u0119 po brzegi \u015bwiecy, tylko ku do\u0142owi a\u017c do dna. Je\u015bli \u015bwieca wypala si\u0119 tunelowo to znaczy, \u017ce czas jednorazowego palenia by\u0142 zbyt kr\u00f3tki i wosk na powierzchni nie mia\u0142 szansy stopnie\u0107 a\u017c po brzegi \u015bwiecy. Warto wi\u0119c pami\u0119ta\u0107 o tym, aby jednorazowo \u015bwiec\u0119 pali\u0107 ok 3-4 godziny tak, aby p\u0142ynny wosk pokry\u0142 ca\u0142\u0105 powierzchni\u0119 \u015bwiecy. Je\u015bli jednak nasza \u015bwieca zacz\u0119\u0142a wypala\u0107 si\u0119 tunelowo z pomoc\u0105 przyjd\u0105 akcesoria Yankee Candle \u2013 klosze i nak\u0142adki Illuma-lid, kt\u00f3re pozwol\u0105 na stabilizacj\u0119 p\u0142omienia i zwi\u0119kszenie temperatury wok\u00f3\u0142 niego.<\/p>\n","protected":false},"excerpt":{"rendered":"<p><strong>\u015awieca \u015brednia<br \/>\n<\/strong><\/p>\n<p><strong>Producent: Yankee Candle<\/strong><\/p>\n<p><strong>Autoryzowany sklep &#8211; Yankee Candle.<\/strong><\/p>\n","protected":false},"featured_media":1800,"comment_status":"open","ping_status":"closed","template":"","meta":[],"product_brand":[34],"product_cat":[33],"product_tag":[],"class_list":{"0":"post-1799","1":"product","2":"type-product","3":"status-publish","4":"has-post-thumbnail","6":"product_brand-yankee-candle","7":"product_cat-swiece","9":"first","10":"instock","11":"taxable","12":"shipping-taxable","13":"purchasable","14":"product-type-simple"},"_links":{"self":[{"href":"https:\/\/panwosk.streamweb.pl\/en\/wp-json\/wp\/v2\/product\/1799","targetHints":{"allow":["GET"]}}],"collection":[{"href":"https:\/\/panwosk.streamweb.pl\/en\/wp-json\/wp\/v2\/product"}],"about":[{"href":"https:\/\/panwosk.streamweb.pl\/en\/wp-json\/wp\/v2\/types\/product"}],"replies":[{"embeddable":true,"href":"https:\/\/panwosk.streamweb.pl\/en\/wp-json\/wp\/v2\/comments?post=1799"}],"version-history":[{"count":5,"href":"https:\/\/panwosk.streamweb.pl\/en\/wp-json\/wp\/v2\/product\/1799\/revisions"}],"predecessor-version":[{"id":6608,"href":"https:\/\/panwosk.streamweb.pl\/en\/wp-json\/wp\/v2\/product\/1799\/revisions\/6608"}],"wp:featuredmedia":[{"embeddable":true,"href":"https:\/\/panwosk.streamweb.pl\/en\/wp-json\/wp\/v2\/media\/1800"}],"wp:attachment":[{"href":"https:\/\/panwosk.streamweb.pl\/en\/wp-json\/wp\/v2\/media?parent=1799"}],"wp:term":[{"taxonomy":"product_brand","embeddable":true,"href":"https:\/\/panwosk.streamweb.pl\/en\/wp-json\/wp\/v2\/product_brand?post=1799"},{"taxonomy":"product_cat","embeddable":true,"href":"https:\/\/panwosk.streamweb.pl\/en\/wp-json\/wp\/v2\/product_cat?post=1799"},{"taxonomy":"product_tag","embeddable":true,"href":"https:\/\/panwosk.streamweb.pl\/en\/wp-json\/wp\/v2\/product_tag?post=1799"}],"curies":[{"name":"wp","href":"https:\/\/api.w.org\/{rel}","templated":true}]}}